{"id":36,"date":"2015-09-04T11:41:55","date_gmt":"2015-09-04T10:41:55","guid":{"rendered":"https:\/\/luz.ch\/fb2\/?page_id=36"},"modified":"2025-12-15T18:15:40","modified_gmt":"2025-12-15T18:15:40","slug":"info","status":"publish","type":"page","link":"https:\/\/fuurball.ch\/?page_id=36","title":{"rendered":"Info"},"content":{"rendered":"\r\n<p><strong>\u00dcbersicht F\u00fc\u00fcrball<\/strong><\/p>\r\n\r\n\r\n\r\n<ul class=\"wp-block-list\">\r\n<li>Grosser Maskenball im Singsaal Chilefeld, Obfelden<br \/>mit Bier- und C\u00fcpli-Bar, Kafi-Egge<\/li>\r\n\r\n\r\n\r\n<li>Saal-Bar mit DJ und Guggenmusik (Vollgash\u00f6ckler, S\u00e4uligugger, Sumpfbergh\u00fc\u00fcler)<br \/>ALTI FASNACHT<br \/>Sitzm\u00f6glichkeiten vorhanden!<\/li>\r\n\r\n\r\n\r\n<li><strong>DJ Tutti<\/strong> im grossen Festzelt mit Bar<\/li>\r\n\r\n\r\n\r\n\r\n\r\n<li>Shotbar<\/li>\r\n\r\n\r\n\r\n<li>Grillstand: Burger, Schnitzelbrot, Pommes, Wurst<\/li>\r\n\r\n\r\n\r\n<li>Garderobe<\/li>\r\n<\/ul>\r\n\r\n\r\n\r\n<p><strong>Weitere Infos<\/strong><br \/>Das Mindestalter f\u00fcr den F\u00fc\u00fcrball ist 16 Jahren (Ausweiskontrolle).<br \/>Der Eintritt ist SFr. 15.- f\u00fcr ALLE.<br \/>Rauchen: Innenbereich (Saal, Foyer) rauchfrei. Rauchen wird toleriert im grossen Aussenbereich inklusive Zelt.<\/p>\r\n\r\n\r\n\r\n<p><strong><a href=\"https:\/\/fuurball.ch\/?p=605\" data-type=\"post\" data-id=\"545\">KiFasi<\/a><\/strong><br \/>Am Nachmittag findet die Kinderfasnacht mit Umzug durchs Dorf statt.<br \/>Start hinter Dorfm\u00e4rt um 14:00 Uhr. Alle d\u00fcrfen mitmachen!<br \/>Motto: <b>Galaktisches Obf\u00e4lde<\/b><\/p>\r\n","protected":false},"excerpt":{"rendered":"<p>\t\t\t\t<![CDATA[]]>\t\t<\/p>\n","protected":false},"author":1,"featured_media":0,"parent":0,"menu_order":3,"comment_status":"closed","ping_status":"closed","template":"","meta":{"footnotes":""},"class_list":["post-36","page","type-page","status-publish","hentry"],"_links":{"self":[{"href":"https:\/\/fuurball.ch\/index.php?rest_route=\/wp\/v2\/pages\/36","targetHints":{"allow":["GET"]}}],"collection":[{"href":"https:\/\/fuurball.ch\/index.php?rest_route=\/wp\/v2\/pages"}],"about":[{"href":"https:\/\/fuurball.ch\/index.php?rest_route=\/wp\/v2\/types\/page"}],"author":[{"embeddable":true,"href":"https:\/\/fuurball.ch\/index.php?rest_route=\/wp\/v2\/users\/1"}],"replies":[{"embeddable":true,"href":"https:\/\/fuurball.ch\/index.php?rest_route=%2Fwp%2Fv2%2Fcomments&post=36"}],"version-history":[{"count":14,"href":"https:\/\/fuurball.ch\/index.php?rest_route=\/wp\/v2\/pages\/36\/revisions"}],"predecessor-version":[{"id":642,"href":"https:\/\/fuurball.ch\/index.php?rest_route=\/wp\/v2\/pages\/36\/revisions\/642"}],"wp:attachment":[{"href":"https:\/\/fuurball.ch\/index.php?rest_route=%2Fwp%2Fv2%2Fmedia&parent=36"}],"curies":[{"name":"wp","href":"https:\/\/api.w.org\/{rel}","templated":true}]}}