{"id":33,"date":"2015-09-04T11:38:54","date_gmt":"2015-09-04T10:38:54","guid":{"rendered":"https:\/\/luz.ch\/fb2\/?page_id=33"},"modified":"2025-12-15T18:18:09","modified_gmt":"2025-12-15T18:18:09","slug":"bilder","status":"publish","type":"page","link":"https:\/\/fuurball.ch\/?page_id=33","title":{"rendered":"Archiv"},"content":{"rendered":"<p><strong>2025 <a href=\"https:\/\/fuurball.ch\/?p=636\">F\u00fc\u00fcrball<\/a> + <a href=\"https:\/\/fuurball.ch\/?p=605\">KiFasi<\/a> 25. Januar 2025<\/strong><\/p>\n<p>2024 <a href=\"https:\/\/fuurball.ch\/?p=593\">F\u00fc\u00fcrball<\/a> am 27. Januar 2024 \u00a6 <a href=\"https:\/\/fuurball.ch\/?p=545\">KiFasi<\/a><\/p>\n<p>2021 &#8211; 2023\u00a0 \u00a0kein F\u00fc\u00fcrball<\/p>\n<p><a href=\"https:\/\/fuurball.ch\/?p=477\"><strong>2020<\/strong>\u00a0<\/a>F\u00fc\u00fcrball am 25. Januar mit der Partyband <a href=\"http:\/\/www.alpenstarkstrom.com\/\" target=\"_blank\" rel=\"noopener noreferrer\">Alpenstarkstrom<\/a>. Im Zendenfrei Obfelden<\/p>\n<p><a href=\"https:\/\/fuurball.ch\/?p=472\"><strong>2019<\/strong> <\/a>F\u00fc\u00fcrball am 19. Januar mit der Partyband <a href=\"http:\/\/www.alpenstarkstrom.com\/\" target=\"_blank\" rel=\"noopener noreferrer\">Alpenstarkstrom<\/a>. Im Zendenfrei Obfelden<\/p>\n<p><a href=\"https:\/\/fuurball.ch\/?p=349\"><strong>2018<\/strong> <\/a>F\u00fc\u00fcrball am 6. Januar mit der Partyband <a href=\"http:\/\/www.alpenstarkstrom.com\/\" target=\"_blank\" rel=\"noopener noreferrer\">Alpenstarkstrom<\/a>. Im Zendenfrei Obfelden<\/p>\n<p><a href=\"https:\/\/fuurball.ch\/?p=304\"><strong>2017<\/strong><\/a> F\u00fc\u00fcrball am 28. Januar mit der Partyband <a href=\"http:\/\/www.alpenstarkstrom.com\/\" target=\"_blank\" rel=\"noopener noreferrer\">Alpenstarkstrom<\/a>.<\/p>\n<p><a href=\"https:\/\/fuurball.ch\/?p=288\"><strong>2016<\/strong><\/a> F\u00fc\u00fcrball am 9. Januar mit der Partyband <a href=\"http:\/\/www.alpenstarkstrom.com\/\" target=\"_blank\" rel=\"noopener noreferrer\">Alpenstarkstrom<\/a>.<\/p>\n<p><strong><a href=\"https:\/\/fuurball.ch\/?p=266\">2015<\/a><\/strong> F\u00fc\u00fcrball am 20. Januar mit der Partyband <a href=\"http:\/\/www.waelderecho.com\/\" target=\"_blank\" rel=\"noopener noreferrer\">W\u00e4lder Echo<\/a>.<\/p>\n<p><a href=\"https:\/\/fuurball.ch\/?p=264\"><strong>2014<\/strong><\/a> F\u00fc\u00fcrball am 25. Januar mit der Partyband Alpenstarkstrom.<\/p>\n<p><a href=\"https:\/\/fuurball.ch\/?p=262\"><strong>2013<\/strong><\/a> F\u00fc\u00fcrball am 12. Januar mit der Partyband Edelvoice.<\/p>\n<p><a href=\"https:\/\/fuurball.ch\/?p=260\"><strong>2012<\/strong><\/a> F\u00fc\u00fcrball am 21. Januar mit der Partyband Alpenstarkstrom.<\/p>\n<p><a href=\"https:\/\/fuurball.ch\/?p=258\"><strong>2011<\/strong><\/a> F\u00fc\u00fcrball fand am 5. Februar mit 5 Guggen und den Alpenr\u00e4pper statt.<\/p>\n<p><a href=\"https:\/\/fuurball.ch\/?p=256\"><strong>2010<\/strong><\/a> Der F\u00fc\u00fcrball im Jahr 2010 hat am 16. Januar mit der Partyband Alpenr\u00e4per und diversen Guggen stattgefunden.<\/p>\n<p><strong><a href=\"https:\/\/fuurball.ch\/?p=254\">2009<\/a><\/strong> Am 17. Januar 2009 wieder mit der Partyband Alpenr\u00e4per und diverse Guggen.<\/p>\n<p><strong><a href=\"https:\/\/fuurball.ch\/?p=252\">2008<\/a><\/strong> Der F\u00fc\u00fcrball 2008 fand am 5. Januar 2008 statt. F\u00fcr Stimmung sorgte die Partyband Alpenr\u00e4per und diverse Guggen.<\/p>\n<p><strong><a href=\"https:\/\/fuurball.ch\/?p=250\">2007<\/a> <\/strong>20. Januar 2007 mit ChueLee.<\/p>\n<p><strong><a href=\"https:\/\/fuurball.ch\/?p=248\">2006<\/a> <\/strong>21. Januar 2006 mit ChueLee.<\/p>\n<p><strong><a href=\"https:\/\/fuurball.ch\/?p=246\">2005<\/a> <\/strong>8. Januar 2005 &#8211; Motto: Drei K\u00f6nige<\/p>\n<p><strong><a href=\"https:\/\/fuurball.ch\/?p=244\">2004<\/a><\/strong> einige Bilder<\/p>\n","protected":false},"excerpt":{"rendered":"<p>\t\t\t\t<![CDATA[]]>\t\t<\/p>\n","protected":false},"author":1,"featured_media":0,"parent":0,"menu_order":5,"comment_status":"closed","ping_status":"closed","template":"","meta":{"footnotes":""},"class_list":["post-33","page","type-page","status-publish","hentry"],"_links":{"self":[{"href":"https:\/\/fuurball.ch\/index.php?rest_route=\/wp\/v2\/pages\/33","targetHints":{"allow":["GET"]}}],"collection":[{"href":"https:\/\/fuurball.ch\/index.php?rest_route=\/wp\/v2\/pages"}],"about":[{"href":"https:\/\/fuurball.ch\/index.php?rest_route=\/wp\/v2\/types\/page"}],"author":[{"embeddable":true,"href":"https:\/\/fuurball.ch\/index.php?rest_route=\/wp\/v2\/users\/1"}],"replies":[{"embeddable":true,"href":"https:\/\/fuurball.ch\/index.php?rest_route=%2Fwp%2Fv2%2Fcomments&post=33"}],"version-history":[{"count":14,"href":"https:\/\/fuurball.ch\/index.php?rest_route=\/wp\/v2\/pages\/33\/revisions"}],"predecessor-version":[{"id":645,"href":"https:\/\/fuurball.ch\/index.php?rest_route=\/wp\/v2\/pages\/33\/revisions\/645"}],"wp:attachment":[{"href":"https:\/\/fuurball.ch\/index.php?rest_route=%2Fwp%2Fv2%2Fmedia&parent=33"}],"curies":[{"name":"wp","href":"https:\/\/api.w.org\/{rel}","templated":true}]}}