{"id":30,"date":"2015-09-04T11:38:29","date_gmt":"2015-09-04T10:38:29","guid":{"rendered":"https:\/\/luz.ch\/fb2\/?page_id=30"},"modified":"2019-05-09T09:53:37","modified_gmt":"2019-05-09T09:53:37","slug":"repertoire","status":"publish","type":"page","link":"https:\/\/fuurball.ch\/?page_id=30","title":{"rendered":"Verein"},"content":{"rendered":"<p><strong>2015<\/strong><\/p>\n<ul>\n<li>Helferreise (Europapark) &#8211; 30. Mai<\/li>\n<li>Schlittelplausch &#8211; 7. M\u00e4rz<\/li>\n<li>F\u00fc\u00fcrball &#8211; 17. Januar<\/li>\n<\/ul>\n<hr \/>\n<p><strong>2014<\/strong><\/p>\n<ul>\n<li>Brunch &#8211; 29. Juni<\/li>\n<li>Helferweekend &#8211; 31.5.\/1.6.<\/li>\n<li>F\u00fc\u00fcrball &#8211; 25. Januar<\/li>\n<\/ul>\n<hr \/>\n<p><strong>2013<\/strong><\/p>\n<ul>\n<li>Helferreise ins Tessin<\/li>\n<li>F\u00fc\u00fcrball &#8211; 12. Januar<\/li>\n<\/ul>\n<hr \/>\n<p><strong>2012<\/strong><\/p>\n<ul>\n<li>2-t\u00e4gige Helferreise aufs Jungfraujoch<\/li>\n<li>F\u00fc\u00fcrball<\/li>\n<\/ul>\n<hr \/>\n<p><strong>2011<\/strong><\/p>\n<ul>\n<li>F\u00fc\u00fcrball 5. Februar 2011<\/li>\n<\/ul>\n<hr \/>\n<p><strong>2010<\/strong><\/p>\n<ul>\n<li>Helferreise &#8211; 5.+6. Juni<\/li>\n<li>F\u00fc\u00fcrball 2010 mit den Alpenr\u00e4per &#8211; 16. Januar<\/li>\n<\/ul>\n<hr \/>\n<p><strong>2009<\/strong><\/p>\n<ul>\n<li>Grillabig &#8211; 29. Mai<\/li>\n<li>Helferreise &#8211; 9. Mai\u00a0 | <a href=\"http:\/\/gallery.luz.ch\/main.php?g2_itemId=5532\" target=\"_blank\" rel=\"noopener noreferrer\">Bilder<\/a><\/li>\n<li>F\u00fc\u00fcrball 2009 mit den Alpenr\u00e4per &#8211; 17. Januar | <a href=\"http:\/\/gallery.luz.ch\/main.php?g2_itemId=5303\" target=\"_blank\" rel=\"noopener noreferrer\">Bilder<\/a><\/li>\n<\/ul>\n<hr \/>\n<p><strong>2008<\/strong><\/p>\n<ul>\n<li>B\u00e4umli stelle f\u00fcr de Ramon Huber | <a href=\"http:\/\/gallery.luz.ch\/main.php?g2_itemId=4314\" target=\"_blank\" rel=\"noopener noreferrer\">Bilder<\/a> Mir w\u00fcnsched de Eltere Karin und Roger alles Gueti! &#8211; 10. August<\/li>\n<li>Helferreise\u00a0 &#8211; 24. Mai | <a href=\"http:\/\/gallery.luz.ch\/main.php?g2_itemId=4117\" target=\"_blank\" rel=\"noopener noreferrer\">Bilder<\/a><\/li>\n<li>F\u00fc\u00fcrball 2008 mit den Alpenr\u00e4per &#8211; 5. Januar<\/li>\n<\/ul>\n<hr \/>\n<p><strong>2007<\/strong><\/p>\n<ul>\n<li>Helferreise &#8211; 9. Juni<\/li>\n<li>Baum stellen f\u00fcr Lina Blaser | <a href=\"http:\/\/gallery.luz.ch\/main.php?g2_itemId=2929\" target=\"_blank\" rel=\"noopener noreferrer\">Bilder<\/a> Herzliche Gratulation der Eltern Maya und Chrigel &#8211; 27. Mai<\/li>\n<li>F\u00fc\u00fcrball mit Chuelee &#8211; 20. Januar<\/li>\n<\/ul>\n","protected":false},"excerpt":{"rendered":"<p>\t\t\t\t<![CDATA[]]>\t\t<\/p>\n","protected":false},"author":1,"featured_media":0,"parent":0,"menu_order":4,"comment_status":"closed","ping_status":"closed","template":"","meta":{"footnotes":""},"class_list":["post-30","page","type-page","status-publish","hentry"],"_links":{"self":[{"href":"https:\/\/fuurball.ch\/index.php?rest_route=\/wp\/v2\/pages\/30","targetHints":{"allow":["GET"]}}],"collection":[{"href":"https:\/\/fuurball.ch\/index.php?rest_route=\/wp\/v2\/pages"}],"about":[{"href":"https:\/\/fuurball.ch\/index.php?rest_route=\/wp\/v2\/types\/page"}],"author":[{"embeddable":true,"href":"https:\/\/fuurball.ch\/index.php?rest_route=\/wp\/v2\/users\/1"}],"replies":[{"embeddable":true,"href":"https:\/\/fuurball.ch\/index.php?rest_route=%2Fwp%2Fv2%2Fcomments&post=30"}],"version-history":[{"count":1,"href":"https:\/\/fuurball.ch\/index.php?rest_route=\/wp\/v2\/pages\/30\/revisions"}],"predecessor-version":[{"id":455,"href":"https:\/\/fuurball.ch\/index.php?rest_route=\/wp\/v2\/pages\/30\/revisions\/455"}],"wp:attachment":[{"href":"https:\/\/fuurball.ch\/index.php?rest_route=%2Fwp%2Fv2%2Fmedia&parent=30"}],"curies":[{"name":"wp","href":"https:\/\/api.w.org\/{rel}","templated":true}]}}